{"id":1074,"date":"2021-02-09T11:01:41","date_gmt":"2021-02-09T10:01:41","guid":{"rendered":"https:\/\/cofri.com\/?page_id=1074"},"modified":"2021-02-09T11:57:36","modified_gmt":"2021-02-09T10:57:36","slug":"privacitat","status":"publish","type":"page","link":"https:\/\/cofri.com\/ca\/privacitat\/","title":{"rendered":"Pol\u00edtica de Privacitat"},"content":{"rendered":"<p>A Comercial Frutera Ilerdense SA ens preocupem per la privacitat i la transpar\u00e8ncia.<\/p>\n<p>A continuaci\u00f3, us expliquem en detall els tractaments de dades personals que realitzem, aix\u00ed com tota la informaci\u00f3 relativa a aquestes dades.<\/p>\n<p>COFRI (Comercial Frutera Ilerdense SA) t\u00e9 implementades les mesures de seguretat, d\u2019\u00edndole t\u00e8cnica i organitzatives, per garantir i protegir la confidencialitat, integritat i disponibilitat de les dades de car\u00e0cter personal recollides, tractant-les de forma l\u00edcita, lleial i transparent en relaci\u00f3 amb l\u2019interessat i adequades, pertinents i limitades en relaci\u00f3 amb les finalitats per a les quals s\u00f3n tractades, donant aix\u00ed compliment a la normativa vigent en mat\u00e8ria de protecci\u00f3 de dades, reflectida en el Reglament Europeu (UE) 2016\/679, de 27 d&#8217;abril, (RGPD ) relatiu a la protecci\u00f3 de les persones f\u00edsiques pel que fa al tractament de dades personals i a la lliure circulaci\u00f3 d\u2019aquestes dades, a la Llei Org\u00e0nica 3\/2018 de 5 de desembre de protecci\u00f3 de dades personals i Garantia de Drets Digitals (LOPDGDD) i en la Llei 34\/2002, d\u201911 de juliol, de Serveis de la Societat de la Informaci\u00f3 i Comer\u00e7 Electr\u00f2nic (LSSICE).<\/p>\n<p>&nbsp;<\/p>\n<h3><u>TRACTAMENT DE LES DADES DE CLIENTS<\/u><\/h3>\n<p>&nbsp;<\/p>\n<h3>INFORMACI\u00d3 B\u00c0SICA SOBRE PROTECCI\u00d3 DE DADES<\/h3>\n<p>&#8211; Responsable: Comercial Frutera Ilerdense SA<br \/>\n&#8211; Finalitat: Prestar els serveis sol\u00b7licitats i trametre comunicacions comercials via electr\u00f2nica<br \/>\n&#8211; Legitimaci\u00f3: Execuci\u00f3 d\u2019un contracte. Inter\u00e8s leg\u00edtim del Responsable.<br \/>\n&#8211; Destinataris: Estan previstes cessions de dades a: Administraci\u00f3 Tribut\u00e0ria; Entitats financeres.<br \/>\n&#8211; Drets: T\u00e9 dret a accedir, rectificar i suprimir les dades, aix\u00ed com altres drets, indicats a la informaci\u00f3 addicional, que pot exercir dirigint-se a la direcci\u00f3 del responsable del tractament.<br \/>\n&#8211; Proced\u00e8ncia: El mateix interessat.<\/p>\n<p>&nbsp;<\/p>\n<h3>INFORMACI\u00d3 COMPLETA SOBRE PROTECCI\u00d3 DE DADES<\/h3>\n<p>&nbsp;<\/p>\n<h3>1. Qui \u00e9s el responsable del tractament de les seves dades?<\/h3>\n<p>Comercial Frutera Ilerdense SA.<br \/>\nA25066077.<br \/>\nPassatge Joc de la Bola 4 2n 1a &#8211; 25003 &#8211; Lleida &#8211; LLEIDA.<br \/>\n973267886<br \/>\ninfo@cofri.com<\/p>\n<p>&nbsp;<\/p>\n<h3>2. Amb quina finalitat tractem les seves dades personals?<\/h3>\n<p>A Comercial Frutera Ilerdense SA tractem la informaci\u00f3 que ens faciliten les persones interessades per realitzar la gesti\u00f3 administrativa, comptable i fiscal dels serveis sol\u00b7licitats, aix\u00ed com enviar comunicacions comercials sobre els nostres productes i serveis. En cas que no faciliti les seves dades personals, no podrem complir amb les funcionalitats descrites anteriorment.<\/p>\n<p>No es prendran decisions automatitzades a partir de les dades proporcionades.<\/p>\n<p>&nbsp;<\/p>\n<h3>3. Quant de temps conservarem les seves dades?<\/h3>\n<p>Les dades es conservaran mentre l\u2019interessat no sol\u00b7liciti la seva supressi\u00f3, i si s&#8217;escau, durant els anys necessaris per complir amb les obligacions legals.<\/p>\n<p>&nbsp;<\/p>\n<h3>4. Quina \u00e9s la legitimaci\u00f3 per al tractament de les seves dades?<\/h3>\n<p>L\u2019indiquem la base legal per al tractament de les seves dades: Execuci\u00f3 d\u2019un contracte: Realitzar la gesti\u00f3 administrativa, comptable i fiscal dels serveis sol\u00b7licitats. Inter\u00e8s leg\u00edtim del Responsable: Enviar comunicacions comercials via electr\u00f2nica sobre els nostres productes i serveis.<\/p>\n<p>&nbsp;<\/p>\n<h3>5. A quins destinataris es comunicaran les seves dades?<\/h3>\n<p>Les dades es comunicaran als seg\u00fcents destinataris:<br \/>\n&#8211; Administraci\u00f3 Tribut\u00e0ria, amb la finalitat de complir amb les obligacions legals (requisit legal).<br \/>\n&#8211; Entitats financeres, amb la finalitat de girar els rebuts corresponents (requisit contractual).<\/p>\n<p>&nbsp;<\/p>\n<h3>6. Transfer\u00e8ncies de dades a pa\u00efsos tercers<\/h3>\n<p>No estan previstes transfer\u00e8ncies de dades a pa\u00efsos tercers.<\/p>\n<p>&nbsp;<\/p>\n<h3>7. Quins s\u00f3n els seus drets quan ens facilita les seves dades?<\/h3>\n<p>Qualsevol persona t\u00e9 dret a obtenir confirmaci\u00f3 sobre si a Comercial Frutera Ilerdense SA estem tractant, o no, dades personals que els concerneixin.<br \/>\nLes persones interessades tenen dret a accedir a les seves dades personals, aix\u00ed com a sol\u00b7licitar la rectificaci\u00f3 de les dades inexactes o, si escau, sol\u00b7licitar la seva supressi\u00f3 quan, entre altres motius, les dades ja no siguin necessaris per a la finalitat amb qu\u00e8 van ser recollides. Igualment, t\u00e9 dret a la portabilitat de les seves dades.<br \/>\nEn determinades circumst\u00e0ncies, els interessats podran sol\u00b7licitar la limitaci\u00f3 del tractament de les seves dades, en aquest cas \u00fanicament les conservarem per a l&#8217;exercici o la defensa de reclamacions.<br \/>\nEn determinades circumst\u00e0ncies, i per motius relacionats amb la seva situaci\u00f3 particular, els interessats podran oposar-se al tractament de les seves dades. En aquest cas, Comercial Frutera Ilerdense SA deixar\u00e0 de tractar les dades, excepte per motius leg\u00edtims imperiosos, o l\u2019exercici o la defensa de possibles reclamacions.<br \/>\nVost\u00e8 podr\u00e0 exercir materialment els seus drets de la seg\u00fcent manera: dirigint-se a l\u2019adre\u00e7a del responsable del tractament<br \/>\nQuan es realitzi l\u2019enviament de comunicacions comercials utilitzant com a base jur\u00eddica l\u2019inter\u00e8s leg\u00edtim del responsable, l\u2019interessat podr\u00e0 oposar-se al tractament de les seves dades amb aquesta finalitat.<br \/>\nSi ha atorgat el seu consentiment per a alguna finalitat concreta, t\u00e9 dret a retirar el consentiment atorgat en qualsevol moment, sense que aix\u00f2 afecti la licitud del tractament basat en el consentiment previ a la seva retirada.<br \/>\nEn cas que senti vulnerats els seus drets pel que fa a la protecci\u00f3 de les seves dades personals, especialment quan no hagi obtingut satisfacci\u00f3 en l\u2019exercici dels seus drets, pot presentar una reclamaci\u00f3 davant l\u2019Autoritat de Control en mat\u00e8ria de protecci\u00f3 de dades competent a trav\u00e9s del seu lloc web: www.aepd.es.<\/p>\n<p>&nbsp;<\/p>\n<h3>8. Com hem obtingut les seves dades?<\/h3>\n<p>Les dades personals que tractem a Comercial Frutera Ilerdense SA procedeixen del propi interessat.<\/p>\n<p>&nbsp;<\/p>\n<h3><u>TRACTAMENT DE LES DADES DEL PERSONAL<\/u><\/h3>\n<p>&nbsp;<\/p>\n<h3>INFORMACI\u00d3 B\u00c0SICA SOBRE PROTECCI\u00d3 DE DADES<\/h3>\n<p>&#8211; Responsable: Comercial Frutera Ilerdense SA<br \/>\n&#8211; Finalitat: Prestar els serveis sol\u00b7licitats i trametre comunicacions comercials via electr\u00f2nica<br \/>\n&#8211; Legitimaci\u00f3: Execuci\u00f3 d\u2019un contracte. Inter\u00e8s leg\u00edtim del Responsable.<br \/>\n&#8211; Destinataris: Estan previstes cessions de dades a: Administraci\u00f3 Tribut\u00e0ria; Entitats financeres.<br \/>\n&#8211; Drets: T\u00e9 dret a accedir, rectificar i suprimir les dades, aix\u00ed com altres drets, indicats a la informaci\u00f3 addicional, que pot exercir dirigint-se a la direcci\u00f3 del responsable del tractament.<br \/>\n&#8211; Proced\u00e8ncia: El mateix interessat.<\/p>\n<p>&nbsp;<\/p>\n<h3>INFORMACI\u00d3 COMPLETA SOBRE PROTECCI\u00d3N DE DADES<\/h3>\n<p>&nbsp;<\/p>\n<h3>1. Qui \u00e9s el responsable del tractament de les seves dades?<\/h3>\n<p>Comercial Frutera Ilerdense SA.<br \/>\nA25066077.<br \/>\nPassatge Joc de la Bola 4 2n 1a &#8211; 25003 &#8211; Lleida &#8211; LLEIDA.<br \/>\n973267886.<br \/>\ninfo@cofri.com<\/p>\n<p>&nbsp;<\/p>\n<h3>2. Amb quina finalitat tractem les seves dades personals?<\/h3>\n<p>A Comercial Frutera Ilerdense SA tractem la informaci\u00f3 que ens faciliten les persones interessades per realitzar la gesti\u00f3 administrativa, comptable i fiscal dels serveis sol\u00b7licitats, aix\u00ed com enviar comunicacions comercials sobre els nostres productes i serveis. En cas que no faciliti les seves dades personals, no podrem complir amb les funcionalitats descrites anteriorment.<br \/>\nNo es prendran decisions automatitzades a partir de les dades proporcionades.<\/p>\n<p>&nbsp;<\/p>\n<h3>3. Quant de temps conservarem les seves dades?<\/h3>\n<p>Les dades es conservaran mentre l\u2019interessat no sol\u00b7liciti la seva supressi\u00f3, i si s&#8217;escau, durant els anys necessaris per complir amb les obligacions legals.<\/p>\n<p>&nbsp;<\/p>\n<h3>4. Quina \u00e9s la legitimaci\u00f3 per al tractament de les seves dades?<\/h3>\n<p>L\u2019indiquem la base legal per al tractament de les seves dades: Execuci\u00f3 d\u2019un contracte: Gesti\u00f3 de personal i formaci\u00f3. Compliment d\u2019una obligaci\u00f3 legal: Prevenci\u00f3 de riscos laborals i vigil\u00e0ncia de la salut; elaboraci\u00f3 de n\u00f2mines, assegurances socials i cotitzacions.<\/p>\n<p>&nbsp;<\/p>\n<h3>5. A quins destinataris es comunicaran les seves dades?<\/h3>\n<p>Les dades es comunicaran als seg\u00fcents destinataris:<br \/>\n&#8211; Administraci\u00f3 Tribut\u00e0ria, Seguretat Social i M\u00fatua, amb la finalitat de complir amb les obligacions legals (requisit legal).<br \/>\n&#8211; Bancs i entitats financeres, amb la finalitat d\u2019efectuar el pagament de les n\u00f2mines (requisit contractual).<br \/>\n&#8211; Fundaci\u00f3 estatal per a la formaci\u00f3 en l\u2019ocupaci\u00f3 (Fundae), amb la finalitat de realitzar la gesti\u00f3 dels cursos bonificats (requisit contractual).<\/p>\n<p>&nbsp;<\/p>\n<h3>6. Transfer\u00e8ncies de dades a pa\u00efsos tercers<\/h3>\n<p>No estan previstes transfer\u00e8ncies de dades a pa\u00efsos tercers.<\/p>\n<p>&nbsp;<\/p>\n<h3>7. Quins s\u00f3n els seus drets quan ens facilita les seves dades?<\/h3>\n<p>Qualsevol persona t\u00e9 dret a obtenir confirmaci\u00f3 sobre si a Comercial Frutera Ilerdense SA estem tractant, o no, dades personals que els concerneixin.<br \/>\nLes persones interessades tenen dret a accedir a les seves dades personals, aix\u00ed com a sol\u00b7licitar la rectificaci\u00f3 de les dades inexactes o, si escau, sol\u00b7licitar la seva supressi\u00f3 quan, entre altres motius, les dades ja no siguin necessaris per a la finalitat amb qu\u00e8 van ser recollides. Igualment, t\u00e9 dret a la portabilitat de les seves dades.<br \/>\nEn determinades circumst\u00e0ncies, els interessats podran sol\u00b7licitar la limitaci\u00f3 del tractament de les seves dades, en aquest cas \u00fanicament les conservarem per a l&#8217;exercici o la defensa de reclamacions.<br \/>\nEn determinades circumst\u00e0ncies, i per motius relacionats amb la seva situaci\u00f3 particular, els interessats podran oposar-se al tractament de les seves dades. En aquest cas, Comercial Frutera Ilerdense SA deixar\u00e0 de tractar les dades, excepte per motius leg\u00edtims imperiosos, o l\u2019exercici o la defensa de possibles reclamacions.<br \/>\nVost\u00e8 podr\u00e0 exercir materialment els seus drets de la seg\u00fcent manera: dirigint-se a l\u2019adre\u00e7a del responsable del tractament<br \/>\nQuan es realitzi l\u2019enviament de comunicacions comercials utilitzant com a base jur\u00eddica l\u2019inter\u00e8s leg\u00edtim del responsable, l\u2019interessat podr\u00e0 oposar-se al tractament de les seves dades amb aquesta finalitat.<br \/>\nSi ha atorgat el seu consentiment per a alguna finalitat concreta, t\u00e9 dret a retirar el consentiment atorgat en qualsevol moment, sense que aix\u00f2 afecti la licitud del tractament basat en el consentiment previ a la seva retirada.<br \/>\nEn cas que senti vulnerats els seus drets pel que fa a la protecci\u00f3 de les seves dades personals, especialment quan no hagi obtingut satisfacci\u00f3 en l\u2019exercici dels seus drets, pot presentar una reclamaci\u00f3 davant l\u2019Autoritat de Control en mat\u00e8ria de protecci\u00f3 de dades competent a trav\u00e9s del seu lloc web: www.aepd.es.<\/p>\n<p>&nbsp;<\/p>\n<h3>8. Com hem obtingut les seves dades?<\/h3>\n<p>Les dades personals que tractem a Comercial Frutera Ilerdense SA procedeixen del mateix interessat.<\/p>\n<p>&nbsp;<\/p>\n<p>&nbsp;<\/p>\n<p>&nbsp;<\/p>\n","protected":false},"excerpt":{"rendered":"<p>A Comercial Frutera Ilerdense SA ens preocupem per la privacitat i la transpar\u00e8ncia. A continuaci\u00f3, us expliquem en detall els tractaments de dades personals que realitzem, aix\u00ed com tota la informaci\u00f3 relativa a aquestes dades. COFRI (Comercial Frutera Ilerdense SA) t\u00e9 implementades les mesures de&#8230;<\/p>\n","protected":false},"author":1,"featured_media":0,"parent":0,"menu_order":0,"comment_status":"closed","ping_status":"closed","template":"","meta":{"footnotes":""},"class_list":["post-1074","page","type-page","status-publish","hentry"],"yoast_head":"<!-- This site is optimized with the Yoast SEO plugin v26.4 - https:\/\/yoast.com\/wordpress\/plugins\/seo\/ -->\n<title>Pol\u00edtica de Privacitat | Cofri<\/title>\n<meta name=\"robots\" content=\"noindex, nofollow\" \/>\n<meta property=\"og:locale\" content=\"ca_ES\" \/>\n<meta property=\"og:type\" content=\"article\" \/>\n<meta property=\"og:title\" content=\"Pol\u00edtica de Privacitat | Cofri\" \/>\n<meta property=\"og:description\" content=\"A Comercial Frutera Ilerdense SA ens preocupem per la privacitat i la transpar\u00e8ncia. A continuaci\u00f3, us expliquem en detall els tractaments de dades personals que realitzem, aix\u00ed com tota la informaci\u00f3 relativa a aquestes dades. COFRI (Comercial Frutera Ilerdense SA) t\u00e9 implementades les mesures de...\" \/>\n<meta property=\"og:url\" content=\"https:\/\/cofri.com\/ca\/privacitat\/\" \/>\n<meta property=\"og:site_name\" content=\"Cofri\" \/>\n<meta property=\"article:modified_time\" content=\"2021-02-09T10:57:36+00:00\" \/>\n<meta name=\"twitter:card\" content=\"summary_large_image\" \/>\n<meta name=\"twitter:label1\" content=\"Temps estimat de lectura\" \/>\n\t<meta name=\"twitter:data1\" content=\"7 minuts\" \/>\n<script type=\"application\/ld+json\" class=\"yoast-schema-graph\">{\"@context\":\"https:\/\/schema.org\",\"@graph\":[{\"@type\":\"WebPage\",\"@id\":\"https:\/\/cofri.com\/ca\/privacitat\/\",\"url\":\"https:\/\/cofri.com\/ca\/privacitat\/\",\"name\":\"Pol\u00edtica de Privacitat | Cofri\",\"isPartOf\":{\"@id\":\"https:\/\/cofri.com\/ca\/#website\"},\"datePublished\":\"2021-02-09T10:01:41+00:00\",\"dateModified\":\"2021-02-09T10:57:36+00:00\",\"breadcrumb\":{\"@id\":\"https:\/\/cofri.com\/ca\/privacitat\/#breadcrumb\"},\"inLanguage\":\"ca\",\"potentialAction\":[{\"@type\":\"ReadAction\",\"target\":[\"https:\/\/cofri.com\/ca\/privacitat\/\"]}]},{\"@type\":\"BreadcrumbList\",\"@id\":\"https:\/\/cofri.com\/ca\/privacitat\/#breadcrumb\",\"itemListElement\":[{\"@type\":\"ListItem\",\"position\":1,\"name\":\"Portada\",\"item\":\"https:\/\/cofri.com\/ca\/\"},{\"@type\":\"ListItem\",\"position\":2,\"name\":\"Pol\u00edtica de Privacitat\"}]},{\"@type\":\"WebSite\",\"@id\":\"https:\/\/cofri.com\/ca\/#website\",\"url\":\"https:\/\/cofri.com\/ca\/\",\"name\":\"Cofri\",\"description\":\"\",\"publisher\":{\"@id\":\"https:\/\/cofri.com\/ca\/#organization\"},\"potentialAction\":[{\"@type\":\"SearchAction\",\"target\":{\"@type\":\"EntryPoint\",\"urlTemplate\":\"https:\/\/cofri.com\/ca\/?s={search_term_string}\"},\"query-input\":{\"@type\":\"PropertyValueSpecification\",\"valueRequired\":true,\"valueName\":\"search_term_string\"}}],\"inLanguage\":\"ca\"},{\"@type\":\"Organization\",\"@id\":\"https:\/\/cofri.com\/ca\/#organization\",\"name\":\"Cofri\",\"url\":\"https:\/\/cofri.com\/ca\/\",\"logo\":{\"@type\":\"ImageObject\",\"inLanguage\":\"ca\",\"@id\":\"https:\/\/cofri.com\/ca\/#\/schema\/logo\/image\/\",\"url\":\"https:\/\/cofri.com\/wp-content\/uploads\/2020\/12\/COFRI-logo-300.svg\",\"contentUrl\":\"https:\/\/cofri.com\/wp-content\/uploads\/2020\/12\/COFRI-logo-300.svg\",\"width\":300,\"height\":180,\"caption\":\"Cofri\"},\"image\":{\"@id\":\"https:\/\/cofri.com\/ca\/#\/schema\/logo\/image\/\"}}]}<\/script>\n<!-- \/ Yoast SEO plugin. -->","yoast_head_json":{"title":"Pol\u00edtica de Privacitat | Cofri","robots":{"index":"noindex","follow":"nofollow"},"og_locale":"ca_ES","og_type":"article","og_title":"Pol\u00edtica de Privacitat | Cofri","og_description":"A Comercial Frutera Ilerdense SA ens preocupem per la privacitat i la transpar\u00e8ncia. A continuaci\u00f3, us expliquem en detall els tractaments de dades personals que realitzem, aix\u00ed com tota la informaci\u00f3 relativa a aquestes dades. COFRI (Comercial Frutera Ilerdense SA) t\u00e9 implementades les mesures de...","og_url":"https:\/\/cofri.com\/ca\/privacitat\/","og_site_name":"Cofri","article_modified_time":"2021-02-09T10:57:36+00:00","twitter_card":"summary_large_image","twitter_misc":{"Temps estimat de lectura":"7 minuts"},"schema":{"@context":"https:\/\/schema.org","@graph":[{"@type":"WebPage","@id":"https:\/\/cofri.com\/ca\/privacitat\/","url":"https:\/\/cofri.com\/ca\/privacitat\/","name":"Pol\u00edtica de Privacitat | Cofri","isPartOf":{"@id":"https:\/\/cofri.com\/ca\/#website"},"datePublished":"2021-02-09T10:01:41+00:00","dateModified":"2021-02-09T10:57:36+00:00","breadcrumb":{"@id":"https:\/\/cofri.com\/ca\/privacitat\/#breadcrumb"},"inLanguage":"ca","potentialAction":[{"@type":"ReadAction","target":["https:\/\/cofri.com\/ca\/privacitat\/"]}]},{"@type":"BreadcrumbList","@id":"https:\/\/cofri.com\/ca\/privacitat\/#breadcrumb","itemListElement":[{"@type":"ListItem","position":1,"name":"Portada","item":"https:\/\/cofri.com\/ca\/"},{"@type":"ListItem","position":2,"name":"Pol\u00edtica de Privacitat"}]},{"@type":"WebSite","@id":"https:\/\/cofri.com\/ca\/#website","url":"https:\/\/cofri.com\/ca\/","name":"Cofri","description":"","publisher":{"@id":"https:\/\/cofri.com\/ca\/#organization"},"potentialAction":[{"@type":"SearchAction","target":{"@type":"EntryPoint","urlTemplate":"https:\/\/cofri.com\/ca\/?s={search_term_string}"},"query-input":{"@type":"PropertyValueSpecification","valueRequired":true,"valueName":"search_term_string"}}],"inLanguage":"ca"},{"@type":"Organization","@id":"https:\/\/cofri.com\/ca\/#organization","name":"Cofri","url":"https:\/\/cofri.com\/ca\/","logo":{"@type":"ImageObject","inLanguage":"ca","@id":"https:\/\/cofri.com\/ca\/#\/schema\/logo\/image\/","url":"https:\/\/cofri.com\/wp-content\/uploads\/2020\/12\/COFRI-logo-300.svg","contentUrl":"https:\/\/cofri.com\/wp-content\/uploads\/2020\/12\/COFRI-logo-300.svg","width":300,"height":180,"caption":"Cofri"},"image":{"@id":"https:\/\/cofri.com\/ca\/#\/schema\/logo\/image\/"}}]}},"_links":{"self":[{"href":"https:\/\/cofri.com\/ca\/wp-json\/wp\/v2\/pages\/1074","targetHints":{"allow":["GET"]}}],"collection":[{"href":"https:\/\/cofri.com\/ca\/wp-json\/wp\/v2\/pages"}],"about":[{"href":"https:\/\/cofri.com\/ca\/wp-json\/wp\/v2\/types\/page"}],"author":[{"embeddable":true,"href":"https:\/\/cofri.com\/ca\/wp-json\/wp\/v2\/users\/1"}],"replies":[{"embeddable":true,"href":"https:\/\/cofri.com\/ca\/wp-json\/wp\/v2\/comments?post=1074"}],"version-history":[{"count":0,"href":"https:\/\/cofri.com\/ca\/wp-json\/wp\/v2\/pages\/1074\/revisions"}],"wp:attachment":[{"href":"https:\/\/cofri.com\/ca\/wp-json\/wp\/v2\/media?parent=1074"}],"curies":[{"name":"wp","href":"https:\/\/api.w.org\/{rel}","templated":true}]}}