{"id":233,"date":"2020-12-03T10:06:03","date_gmt":"2020-12-03T09:06:03","guid":{"rendered":"https:\/\/cofri.com\/?page_id=233"},"modified":"2021-02-09T09:31:41","modified_gmt":"2021-02-09T08:31:41","slug":"calidad","status":"publish","type":"page","link":"https:\/\/cofri.com\/es\/calidad\/","title":{"rendered":"Calidad"},"content":{"rendered":"<div class=\"wpb-content-wrapper\"><p>[vc_row css_animation=\u00bb\u00bb row_type=\u00bbrow\u00bb use_row_as_full_screen_section=\u00bbno\u00bb type=\u00bbgrid\u00bb angled_section=\u00bbno\u00bb text_align=\u00bbcenter\u00bb background_image_as_pattern=\u00bbwithout_pattern\u00bb css=\u00bb.vc_custom_1606981862231{margin-top: 100px !important;}\u00bb z_index=\u00bb\u00bb][vc_column][vc_single_image image=\u00bb292&#8243; img_size=\u00bbfull\u00bb alignment=\u00bbcenter\u00bb qode_css_animation=\u00bbelement_from_bottom\u00bb el_class=\u00bbMaxWidthMobil-200&#8243;][vc_empty_space][vc_column_text]<\/p>\n<h3>Calidad en producto y en servicio<\/h3>\n<p>[\/vc_column_text][vc_empty_space][vc_column_text]<\/p>\n<h6>La calidad es una de nuestras principales prioridades; seleccionamos los productos que comercializamos y contamos con una serie de sellos que avalan nuestras pr\u00e1cticas.<\/h6>\n<p>[\/vc_column_text][vc_empty_space][vc_column_text]<\/p>\n<h6>Adem\u00e1s, gracias a nuestras t\u00e9cnicas de refrigeraci\u00f3n, conservaci\u00f3n y almacenaje, podemos garantizar el respeto de la cadena de fr\u00edo y la calidad de nuestro producto.<\/h6>\n<p>[\/vc_column_text][\/vc_column][\/vc_row][vc_row css_animation=\u00bb\u00bb row_type=\u00bbrow\u00bb use_row_as_full_screen_section=\u00bbno\u00bb type=\u00bbgrid\u00bb angled_section=\u00bbno\u00bb text_align=\u00bbcenter\u00bb background_image_as_pattern=\u00bbwithout_pattern\u00bb css=\u00bb.vc_custom_1607083222461{margin-top: 100px !important;}\u00bb z_index=\u00bb\u00bb][vc_column css_animation=\u00bbfadeInLeft\u00bb width=\u00bb1\/3&#8243;][vc_single_image image=\u00bb298&#8243; img_size=\u00bbfull\u00bb alignment=\u00bbcenter\u00bb qode_css_animation=\u00bb\u00bb][vc_empty_space]<div class=\"custom_font_holder \" style=\"font-family: &#039;GillSans-SemiBold&#039;; font-style: normal; font-weight: 400; color: #86b941; text-decoration: none; letter-spacing: 2px; text-align: center; --qode-cf-font-size: 25px; --qode-cf-line-height: 30px; --qode-cf-font-size-1440: 25px; --qode-cf-line-height-1440: 30px; --qode-cf-font-size-1366: 25px; --qode-cf-line-height-1366: 30px; --qode-cf-font-size-1280: 25px; --qode-cf-line-height-1280: 30px; --qode-cf-font-size-1024: 25px; --qode-cf-line-height-1024: 30px; --qode-cf-font-size-768: 25px; --qode-cf-line-height-768: 30px; --qode-cf-font-size-680: 25px; --qode-cf-line-height-680: 30px; --qode-cf-font-size-480: 25px; --qode-cf-line-height-480: 30px;\">PRODUCTOS<br \/>\nECOL\u00d3GICOS<\/div>[vc_empty_space][vc_column_text]<\/p>\n<h6>Estamos inscritos en el registro <span style=\"font-family: 'GillSans-Bold';\">CCPAE<\/span> para la comercializaci\u00f3n de productos ecol\u00f3gicos.<\/h6>\n<p>[\/vc_column_text][vc_empty_space height=\u00bb60px\u00bb][\/vc_column][vc_column css_animation=\u00bbfadeInUp\u00bb width=\u00bb1\/3&#8243;][vc_single_image image=\u00bb300&#8243; img_size=\u00bbfull\u00bb alignment=\u00bbcenter\u00bb qode_css_animation=\u00bb\u00bb][vc_empty_space]<div class=\"custom_font_holder \" style=\"font-family: &#039;GillSans-SemiBold&#039;; font-style: normal; font-weight: 400; color: #86b941; text-decoration: none; letter-spacing: 2px; text-align: center; --qode-cf-font-size: 25px; --qode-cf-line-height: 30px; --qode-cf-font-size-1440: 25px; --qode-cf-line-height-1440: 30px; --qode-cf-font-size-1366: 25px; --qode-cf-line-height-1366: 30px; --qode-cf-font-size-1280: 25px; --qode-cf-line-height-1280: 30px; --qode-cf-font-size-1024: 25px; --qode-cf-line-height-1024: 30px; --qode-cf-font-size-768: 25px; --qode-cf-line-height-768: 30px; --qode-cf-font-size-680: 25px; --qode-cf-line-height-680: 30px; --qode-cf-font-size-480: 25px; --qode-cf-line-height-480: 30px;\">IFS BROKER<\/div>[vc_empty_space][vc_column_text]<\/p>\n<h6><span style=\"font-family: 'GillSans-Bold';\">IFS Broker<\/span> garantiza la seguridad y calidad de los productos entre el agente comercial y el cliente final. Esta norma verifica a las partes interesadas para garantizar que se han implementado las medidas adecuadas al servicio ofrecido, y que los proveedores operan en consonancia con los requisitos de calidad y seguridad del producto.<\/h6>\n<p>[\/vc_column_text][vc_empty_space height=\u00bb60px\u00bb][\/vc_column][vc_column css_animation=\u00bbfadeInRight\u00bb width=\u00bb1\/3&#8243;][vc_single_image image=\u00bb299&#8243; img_size=\u00bbfull\u00bb alignment=\u00bbcenter\u00bb qode_css_animation=\u00bb\u00bb][vc_empty_space]<div class=\"custom_font_holder \" style=\"font-family: &#039;GillSans-SemiBold&#039;; font-style: normal; font-weight: 400; color: #86b941; text-decoration: none; letter-spacing: 2px; text-align: center; --qode-cf-font-size: 25px; --qode-cf-line-height: 30px; --qode-cf-font-size-1440: 25px; --qode-cf-line-height-1440: 30px; --qode-cf-font-size-1366: 25px; --qode-cf-line-height-1366: 30px; --qode-cf-font-size-1280: 25px; --qode-cf-line-height-1280: 30px; --qode-cf-font-size-1024: 25px; --qode-cf-line-height-1024: 30px; --qode-cf-font-size-768: 25px; --qode-cf-line-height-768: 30px; --qode-cf-font-size-680: 25px; --qode-cf-line-height-680: 30px; --qode-cf-font-size-480: 25px; --qode-cf-line-height-480: 30px;\">PRODUCCI\u00d3N<br \/>\nINTEGRADA<\/div>[vc_empty_space][vc_column_text]<\/p>\n<h6>En <span style=\"font-family: 'GillSans-Bold'; color: #144873;\">COFRI<\/span> producimos fruta al amparo del sello de <span style=\"font-family: 'GillSans-Bold';\">Producci\u00f3n integrada<\/span>.<br \/>\nLa principal finalidad de esta normativa del Consejo de la Producci\u00f3n Integrada es la obtenci\u00f3n de productos de alta calidad, minimizando el uso de productos fitosanitarios, disminuyendo los residuos y optimizando los m\u00e9todos de producci\u00f3n, mediante una integraci\u00f3n total de todos los recursos disponibles.<\/h6>\n<p>[\/vc_column_text][vc_empty_space height=\u00bb60px\u00bb][\/vc_column][\/vc_row][vc_row css_animation=\u00bbelement_from_bottom\u00bb row_type=\u00bbrow\u00bb use_row_as_full_screen_section=\u00bbno\u00bb type=\u00bbgrid\u00bb angled_section=\u00bbno\u00bb text_align=\u00bbcenter\u00bb background_image_as_pattern=\u00bbwithout_pattern\u00bb z_index=\u00bb\u00bb el_class=\u00bbMarginTop100&#8243;][vc_column][vc_column_text]<\/p>\n<h2>\u00bfTE CONTAMOS M\u00c1S?<\/h2>\n<p>[\/vc_column_text][vc_empty_space]<a  itemprop=\"url\" href=\"https:\/\/cofri.com\/es\/contacto\/\" target=\"_self\" data-hover-background-color=\"#86b941\" data-hover-border-color=\"#86b941\" data-hover-color=\"#ffffff\" class=\"qbutton  medium center default\" style=\"color: #ffffff; border-color: #144873; font-style: normal; font-weight: 600; font-family: Montserrat; text-transform: none; font-size: 25px; margin: 0px 0px 0px 0px; border-radius: 0px;-moz-border-radius: 0px;-webkit-border-radius: 0px; background-color:#144873;\">CONTACTA<\/a>[\/vc_column][\/vc_row][vc_row css_animation=\u00bbelement_from_left\u00bb row_type=\u00bbrow\u00bb use_row_as_full_screen_section=\u00bbno\u00bb type=\u00bbfull_width\u00bb angled_section=\u00bbno\u00bb text_align=\u00bbcenter\u00bb background_image_as_pattern=\u00bbwithout_pattern\u00bb css=\u00bb.vc_custom_1609144787126{margin-top: 100px !important;margin-bottom: 40px !important;}\u00bb z_index=\u00bb\u00bb background_color=\u00bb#ffffff\u00bb][vc_column][vc_single_image image=\u00bb237&#8243; img_size=\u00bbfull\u00bb alignment=\u00bbcenter\u00bb qode_css_animation=\u00bb\u00bb][\/vc_column][\/vc_row]<\/p>\n<\/div>","protected":false},"excerpt":{"rendered":"<p>[vc_row css_animation=\u00bb\u00bb row_type=\u00bbrow\u00bb use_row_as_full_screen_section=\u00bbno\u00bb type=\u00bbgrid\u00bb angled_section=\u00bbno\u00bb text_align=\u00bbcenter\u00bb background_image_as_pattern=\u00bbwithout_pattern\u00bb css=\u00bb.vc_custom_1606981862231{margin-top: 100px !important;}\u00bb z_index=\u00bb\u00bb][vc_column][vc_single_image image=\u00bb292&#8243; img_size=\u00bbfull\u00bb alignment=\u00bbcenter\u00bb qode_css_animation=\u00bbelement_from_bottom\u00bb el_class=\u00bbMaxWidthMobil-200&#8243;][vc_empty_space][vc_column_text] Calidad en producto y en servicio [\/vc_column_text][vc_empty_space][vc_column_text] La calidad es una de nuestras principales prioridades; seleccionamos los productos que comercializamos y contamos con una serie de sellos que&#8230;<\/p>\n","protected":false},"author":1,"featured_media":0,"parent":0,"menu_order":0,"comment_status":"closed","ping_status":"closed","template":"full_width.php","meta":{"footnotes":""},"class_list":["post-233","page","type-page","status-publish","hentry"],"yoast_head":"<!-- This site is optimized with the Yoast SEO plugin v26.4 - https:\/\/yoast.com\/wordpress\/plugins\/seo\/ -->\n<title>Calidad | Cofri<\/title>\n<meta name=\"description\" content=\"La calidad es una de nuestras principales prioridades; seleccionamos los productos que comercializamos y contamos con una serie de sellos que avalan nuestras pr\u00e1cticas.\" \/>\n<meta name=\"robots\" content=\"index, follow, max-snippet:-1, max-image-preview:large, max-video-preview:-1\" \/>\n<link rel=\"canonical\" href=\"https:\/\/cofri.com\/es\/calidad\/\" \/>\n<meta property=\"og:locale\" content=\"es_ES\" \/>\n<meta property=\"og:type\" content=\"article\" \/>\n<meta property=\"og:title\" content=\"Calidad | Cofri\" \/>\n<meta property=\"og:description\" content=\"La calidad es una de nuestras principales prioridades; seleccionamos los productos que comercializamos y contamos con una serie de sellos que avalan nuestras pr\u00e1cticas.\" \/>\n<meta property=\"og:url\" content=\"https:\/\/cofri.com\/es\/calidad\/\" \/>\n<meta property=\"og:site_name\" content=\"Cofri\" \/>\n<meta property=\"article:modified_time\" content=\"2021-02-09T08:31:41+00:00\" \/>\n<meta name=\"twitter:card\" content=\"summary_large_image\" \/>\n<meta name=\"twitter:label1\" content=\"Tiempo de lectura\" \/>\n\t<meta name=\"twitter:data1\" content=\"3 minutos\" \/>\n<script type=\"application\/ld+json\" class=\"yoast-schema-graph\">{\"@context\":\"https:\/\/schema.org\",\"@graph\":[{\"@type\":\"WebPage\",\"@id\":\"https:\/\/cofri.com\/es\/calidad\/\",\"url\":\"https:\/\/cofri.com\/es\/calidad\/\",\"name\":\"Calidad | Cofri\",\"isPartOf\":{\"@id\":\"https:\/\/cofri.com\/es\/#website\"},\"datePublished\":\"2020-12-03T09:06:03+00:00\",\"dateModified\":\"2021-02-09T08:31:41+00:00\",\"description\":\"La calidad es una de nuestras principales prioridades; seleccionamos los productos que comercializamos y contamos con una serie de sellos que avalan nuestras pr\u00e1cticas.\",\"breadcrumb\":{\"@id\":\"https:\/\/cofri.com\/es\/calidad\/#breadcrumb\"},\"inLanguage\":\"es\",\"potentialAction\":[{\"@type\":\"ReadAction\",\"target\":[\"https:\/\/cofri.com\/es\/calidad\/\"]}]},{\"@type\":\"BreadcrumbList\",\"@id\":\"https:\/\/cofri.com\/es\/calidad\/#breadcrumb\",\"itemListElement\":[{\"@type\":\"ListItem\",\"position\":1,\"name\":\"Portada\",\"item\":\"https:\/\/cofri.com\/es\/\"},{\"@type\":\"ListItem\",\"position\":2,\"name\":\"Calidad\"}]},{\"@type\":\"WebSite\",\"@id\":\"https:\/\/cofri.com\/es\/#website\",\"url\":\"https:\/\/cofri.com\/es\/\",\"name\":\"Cofri\",\"description\":\"\",\"publisher\":{\"@id\":\"https:\/\/cofri.com\/es\/#organization\"},\"potentialAction\":[{\"@type\":\"SearchAction\",\"target\":{\"@type\":\"EntryPoint\",\"urlTemplate\":\"https:\/\/cofri.com\/es\/?s={search_term_string}\"},\"query-input\":{\"@type\":\"PropertyValueSpecification\",\"valueRequired\":true,\"valueName\":\"search_term_string\"}}],\"inLanguage\":\"es\"},{\"@type\":\"Organization\",\"@id\":\"https:\/\/cofri.com\/es\/#organization\",\"name\":\"Cofri\",\"url\":\"https:\/\/cofri.com\/es\/\",\"logo\":{\"@type\":\"ImageObject\",\"inLanguage\":\"es\",\"@id\":\"https:\/\/cofri.com\/es\/#\/schema\/logo\/image\/\",\"url\":\"https:\/\/cofri.com\/wp-content\/uploads\/2020\/12\/COFRI-logo-300.svg\",\"contentUrl\":\"https:\/\/cofri.com\/wp-content\/uploads\/2020\/12\/COFRI-logo-300.svg\",\"width\":300,\"height\":180,\"caption\":\"Cofri\"},\"image\":{\"@id\":\"https:\/\/cofri.com\/es\/#\/schema\/logo\/image\/\"}}]}<\/script>\n<!-- \/ Yoast SEO plugin. -->","yoast_head_json":{"title":"Calidad | Cofri","description":"La calidad es una de nuestras principales prioridades; seleccionamos los productos que comercializamos y contamos con una serie de sellos que avalan nuestras pr\u00e1cticas.","robots":{"index":"index","follow":"follow","max-snippet":"max-snippet:-1","max-image-preview":"max-image-preview:large","max-video-preview":"max-video-preview:-1"},"canonical":"https:\/\/cofri.com\/es\/calidad\/","og_locale":"es_ES","og_type":"article","og_title":"Calidad | Cofri","og_description":"La calidad es una de nuestras principales prioridades; seleccionamos los productos que comercializamos y contamos con una serie de sellos que avalan nuestras pr\u00e1cticas.","og_url":"https:\/\/cofri.com\/es\/calidad\/","og_site_name":"Cofri","article_modified_time":"2021-02-09T08:31:41+00:00","twitter_card":"summary_large_image","twitter_misc":{"Tiempo de lectura":"3 minutos"},"schema":{"@context":"https:\/\/schema.org","@graph":[{"@type":"WebPage","@id":"https:\/\/cofri.com\/es\/calidad\/","url":"https:\/\/cofri.com\/es\/calidad\/","name":"Calidad | Cofri","isPartOf":{"@id":"https:\/\/cofri.com\/es\/#website"},"datePublished":"2020-12-03T09:06:03+00:00","dateModified":"2021-02-09T08:31:41+00:00","description":"La calidad es una de nuestras principales prioridades; seleccionamos los productos que comercializamos y contamos con una serie de sellos que avalan nuestras pr\u00e1cticas.","breadcrumb":{"@id":"https:\/\/cofri.com\/es\/calidad\/#breadcrumb"},"inLanguage":"es","potentialAction":[{"@type":"ReadAction","target":["https:\/\/cofri.com\/es\/calidad\/"]}]},{"@type":"BreadcrumbList","@id":"https:\/\/cofri.com\/es\/calidad\/#breadcrumb","itemListElement":[{"@type":"ListItem","position":1,"name":"Portada","item":"https:\/\/cofri.com\/es\/"},{"@type":"ListItem","position":2,"name":"Calidad"}]},{"@type":"WebSite","@id":"https:\/\/cofri.com\/es\/#website","url":"https:\/\/cofri.com\/es\/","name":"Cofri","description":"","publisher":{"@id":"https:\/\/cofri.com\/es\/#organization"},"potentialAction":[{"@type":"SearchAction","target":{"@type":"EntryPoint","urlTemplate":"https:\/\/cofri.com\/es\/?s={search_term_string}"},"query-input":{"@type":"PropertyValueSpecification","valueRequired":true,"valueName":"search_term_string"}}],"inLanguage":"es"},{"@type":"Organization","@id":"https:\/\/cofri.com\/es\/#organization","name":"Cofri","url":"https:\/\/cofri.com\/es\/","logo":{"@type":"ImageObject","inLanguage":"es","@id":"https:\/\/cofri.com\/es\/#\/schema\/logo\/image\/","url":"https:\/\/cofri.com\/wp-content\/uploads\/2020\/12\/COFRI-logo-300.svg","contentUrl":"https:\/\/cofri.com\/wp-content\/uploads\/2020\/12\/COFRI-logo-300.svg","width":300,"height":180,"caption":"Cofri"},"image":{"@id":"https:\/\/cofri.com\/es\/#\/schema\/logo\/image\/"}}]}},"_links":{"self":[{"href":"https:\/\/cofri.com\/es\/wp-json\/wp\/v2\/pages\/233","targetHints":{"allow":["GET"]}}],"collection":[{"href":"https:\/\/cofri.com\/es\/wp-json\/wp\/v2\/pages"}],"about":[{"href":"https:\/\/cofri.com\/es\/wp-json\/wp\/v2\/types\/page"}],"author":[{"embeddable":true,"href":"https:\/\/cofri.com\/es\/wp-json\/wp\/v2\/users\/1"}],"replies":[{"embeddable":true,"href":"https:\/\/cofri.com\/es\/wp-json\/wp\/v2\/comments?post=233"}],"version-history":[{"count":0,"href":"https:\/\/cofri.com\/es\/wp-json\/wp\/v2\/pages\/233\/revisions"}],"wp:attachment":[{"href":"https:\/\/cofri.com\/es\/wp-json\/wp\/v2\/media?parent=233"}],"curies":[{"name":"wp","href":"https:\/\/api.w.org\/{rel}","templated":true}]}}