{"id":69,"date":"2020-11-13T19:13:02","date_gmt":"2020-11-13T18:13:02","guid":{"rendered":"https:\/\/cofri.com\/?page_id=69"},"modified":"2021-02-09T11:08:57","modified_gmt":"2021-02-09T10:08:57","slug":"contacto","status":"publish","type":"page","link":"https:\/\/cofri.com\/es\/contacto\/","title":{"rendered":"Contacto"},"content":{"rendered":"<div class=\"wpb-content-wrapper\"><p>[vc_row css_animation=\u00bb\u00bb row_type=\u00bbrow\u00bb use_row_as_full_screen_section=\u00bbno\u00bb type=\u00bbfull_width\u00bb angled_section=\u00bbno\u00bb text_align=\u00bbleft\u00bb background_image_as_pattern=\u00bbwithout_pattern\u00bb css=\u00bb.vc_custom_1606986980788{margin-bottom: 100px !important;}\u00bb z_index=\u00bb\u00bb][vc_column width=\u00bb2\/3&#8243;]\n<div class=\"wpcf7 no-js\" id=\"wpcf7-f68-o1\" lang=\"es-ES\" dir=\"ltr\" data-wpcf7-id=\"68\">\n<div class=\"screen-reader-response\"><p role=\"status\" aria-live=\"polite\" aria-atomic=\"true\"><\/p> <ul><\/ul><\/div>\n<form action=\"\/es\/wp-json\/wp\/v2\/pages\/69#wpcf7-f68-o1\" method=\"post\" class=\"wpcf7-form init cf7_custom_style_1 wpcf7-acceptance-as-validation\" aria-label=\"Formulario de contacto\" novalidate=\"novalidate\" data-status=\"init\">\n<fieldset class=\"hidden-fields-container\"><input type=\"hidden\" name=\"_wpcf7\" value=\"68\" \/><input type=\"hidden\" name=\"_wpcf7_version\" value=\"6.1.3\" \/><input type=\"hidden\" name=\"_wpcf7_locale\" value=\"es_ES\" \/><input type=\"hidden\" name=\"_wpcf7_unit_tag\" value=\"wpcf7-f68-o1\" \/><input type=\"hidden\" name=\"_wpcf7_container_post\" value=\"0\" \/><input type=\"hidden\" name=\"_wpcf7_posted_data_hash\" value=\"\" \/><input type=\"hidden\" name=\"_wpcf7_recaptcha_response\" value=\"\" \/>\n<\/fieldset>\n<p><label><span class=\"wpcf7-form-control-wrap\" data-name=\"your-name\"><input size=\"40\" maxlength=\"400\" class=\"wpcf7-form-control wpcf7-text wpcf7-validates-as-required\" aria-required=\"true\" aria-invalid=\"false\" placeholder=\"Nombre*\" value=\"\" type=\"text\" name=\"your-name\" \/><\/span> <\/label>\n<\/p>\n<p><label><span class=\"wpcf7-form-control-wrap\" data-name=\"your-email\"><input size=\"40\" maxlength=\"400\" class=\"wpcf7-form-control wpcf7-email wpcf7-validates-as-required wpcf7-text wpcf7-validates-as-email\" aria-required=\"true\" aria-invalid=\"false\" placeholder=\"Correo electr\u00f3nico*\" value=\"\" type=\"email\" name=\"your-email\" \/><\/span> <\/label>\n<\/p>\n<p><label><span class=\"wpcf7-form-control-wrap\" data-name=\"your-message\"><textarea cols=\"40\" rows=\"10\" maxlength=\"2000\" class=\"wpcf7-form-control wpcf7-textarea wpcf7-validates-as-required\" aria-required=\"true\" aria-invalid=\"false\" placeholder=\"Mensaje*\" name=\"your-message\"><\/textarea><\/span> <\/label>\n<\/p>\n<p><span class=\"wpcf7-form-control-wrap\" data-name=\"lopd\"><span class=\"wpcf7-form-control wpcf7-acceptance\"><span class=\"wpcf7-list-item\"><input type=\"checkbox\" name=\"lopd\" value=\"1\" aria-invalid=\"false\" \/><\/span><\/span><\/span><span style=\"color:#76777a;font-family:'GillSans-Regular';\">He le\u00eddo y acepto la <a href=\"https:\/\/cofri.com\/es\/privacidad\" target=\"_blank\" style=\"color:#144873;font-weight: 600;\">Pol\u00edtica de privacidad<\/a> y consiento libre y expresamente que la empresa pueda tratar mis datos personales en los t\u00e9rminos establecidos en la pol\u00edtica de protecci\u00f3n de datos personales y de privacidad.<\/span>\n<\/p>\n<p><input class=\"wpcf7-form-control wpcf7-submit has-spinner\" type=\"submit\" value=\"ENVIAR\" \/>\n<\/p><div class=\"wpcf7-response-output\" aria-hidden=\"true\"><\/div>\n<\/form>\n<\/div>\n[\/vc_column][vc_column width=\u00bb1\/3&#8243; el_class=\u00bbDadesContacte\u00bb]<div class='q_icon_with_title tiny circle '><div class=\"icon_holder q_icon_animation\" style=\" transition-delay: 300ms; -webkit-transition-delay: 300ms; -moz-transition-delay: 300ms; -o-transition-delay: 300ms;\"><a href=\"https:\/\/www.google.com\/maps\/place\/COFRI+Comercial+Frutera+Ilerdense,+S.+A.\/@41.6181368,0.6125159,15z\/data=!4m2!3m1!1s0x0:0x106527bbfbf68e6b?sa=X&#038;ved=2ahUKEwjckoTp0rHtAhWdUBUIHRCzCrsQ_BIwCnoECBQQBQ\" target=\"_blank\" class=\"q_icon_link\"><span data-icon-type=\"circle\" data-icon-hover-color=\"#ffffff\" class=\"qode_iwt_icon_holder fa-stack fa-lg  \" style=\"font-size: 20px;border-color: #86b941;background-color: #86b941\"><i class=\"qode_icon_font_awesome fa fa-map-marker qode_iwt_icon_element\" style=\"font-size: 25px;color: #ffffff\"><\/i><\/span><\/a><\/div><div class=\"icon_text_holder\" style=\"\"><div class=\"icon_text_inner\" style=\"\"><h5 class=\"icon_title\" style=\"color: #76777a;font-weight: 400;\"><\/h5><p style='color: #76777a'><\/p><a itemprop='url' class='icon_with_title_link' href='https:\/\/www.google.com\/maps\/place\/COFRI+Comercial+Frutera+Ilerdense,+S.+A.\/@41.6181368,0.6125159,15z\/data=!4m2!3m1!1s0x0:0x106527bbfbf68e6b?sa=X&#038;ved=2ahUKEwjckoTp0rHtAhWdUBUIHRCzCrsQ_BIwCnoECBQQBQ' target='_blank' style='color: #76777a;'>Passatge Joc de la Bola, 4 2n 1a&lt;br \/&gt;\n25003 LLEIDA (Espa\u00f1a)<\/a><\/div><\/div><\/div><div class='q_icon_with_title tiny circle '><div class=\"icon_holder q_icon_animation\" style=\" transition-delay: 300ms; -webkit-transition-delay: 300ms; -moz-transition-delay: 300ms; -o-transition-delay: 300ms;\"><a href=\"tel:0034973271177\" target=\"_blank\" class=\"q_icon_link\"><span data-icon-type=\"circle\" data-icon-hover-color=\"#ffffff\" class=\"qode_iwt_icon_holder fa-stack fa-lg  \" style=\"font-size: 20px;border-color: #86b941;background-color: #86b941\"><i class=\"qode_icon_font_awesome fa fa-phone qode_iwt_icon_element\" style=\"font-size: 25px;color: #ffffff\"><\/i><\/span><\/a><\/div><div class=\"icon_text_holder\" style=\"\"><div class=\"icon_text_inner\" style=\"\"><h5 class=\"icon_title\" style=\"color: #76777a;font-weight: 400;\"><\/h5><p style='color: #76777a'><\/p><a itemprop='url' class='icon_with_title_link' href='tel:0034973271177' target='_blank' style='color: #76777a;'>Tel. +34 973 27 11 77<\/a><\/div><\/div><\/div><div class='q_icon_with_title tiny circle '><div class=\"icon_holder q_icon_animation\" style=\" transition-delay: 300ms; -webkit-transition-delay: 300ms; -moz-transition-delay: 300ms; -o-transition-delay: 300ms;\"><a href=\"mailto:info@cofri.com\" target=\"_blank\" class=\"q_icon_link\"><span data-icon-type=\"circle\" data-icon-hover-color=\"#ffffff\" class=\"qode_iwt_icon_holder fa-stack fa-lg  \" style=\"font-size: 20px;border-color: #86b941;background-color: #86b941\"><i class=\"qode_icon_font_awesome fa fa-envelope qode_iwt_icon_element\" style=\"font-size: 25px;color: #ffffff\"><\/i><\/span><\/a><\/div><div class=\"icon_text_holder\" style=\"\"><div class=\"icon_text_inner\" style=\"\"><h5 class=\"icon_title\" style=\"color: #76777a;font-weight: 400;\"><\/h5><p style='color: #76777a'><\/p><a itemprop='url' class='icon_with_title_link' href='mailto:info@cofri.com' target='_blank' style='color: #76777a;'>info@cofri.com<\/a><\/div><\/div><\/div>[vc_empty_space height=\u00bb16px\u00bb][vc_column_text]<\/p>\n<div class=\"q_icon_with_title tiny circle qode-iwt-content-alignment-left \">\n<div class=\"icon_holder \"><\/div>\n<div class=\"icon_text_holder\">\n<div class=\"icon_text_inner\">\n<p style=\"color: #76777a;\">Latitud: 41\u00ba 37\u2019 5.46\u201d N<br \/>\nLongitud: 0\u00ba 36\u2019 45.39\u201d E<\/p>\n<\/div>\n<\/div>\n<\/div>\n<p>[\/vc_column_text][vc_empty_space height=\u00bb16px\u00bb][vc_column_text]<\/p>\n<div class=\"q_icon_with_title tiny circle qode-iwt-content-alignment-left \">\n<div class=\"icon_holder \"><\/div>\n<div class=\"icon_text_holder\">\n<div class=\"icon_text_inner\">\n<p class=\"icon_title\" style=\"color: #76777a; font-weight: 400;\">HUSO UTM: 31<\/p>\n<p style=\"color: #76777a;\">Coordenada X: 301097.45 m<br \/>\nCoordenada Y: 4610138.08 m<\/p>\n<\/div>\n<\/div>\n<\/div>\n<p>[\/vc_column_text][\/vc_column][\/vc_row][vc_row css_animation=\u00bbelement_from_bottom\u00bb row_type=\u00bbrow\u00bb use_row_as_full_screen_section=\u00bbno\u00bb type=\u00bbgrid\u00bb angled_section=\u00bbno\u00bb text_align=\u00bbcenter\u00bb background_image_as_pattern=\u00bbwithout_pattern\u00bb z_index=\u00bb\u00bb el_class=\u00bbMarginTop100&#8243;][vc_column][vc_column_text]<\/p>\n<h2>Estaremos encantados de atenderte\u2026<\/h2>\n<p>[\/vc_column_text][\/vc_column][\/vc_row][vc_row css_animation=\u00bb\u00bb row_type=\u00bbrow\u00bb use_row_as_full_screen_section=\u00bbno\u00bb type=\u00bbgrid\u00bb angled_section=\u00bbno\u00bb text_align=\u00bbleft\u00bb background_image_as_pattern=\u00bbwithout_pattern\u00bb css=\u00bb.vc_custom_1607083617801{margin-bottom: 60px !important;}\u00bb z_index=\u00bb\u00bb el_class=\u00bbDadesContacte2 MarginTop100&#8243;][vc_column css_animation=\u00bbfadeInUp\u00bb width=\u00bb1\/3&#8243;][vc_column_text]<\/p>\n<div class=\"q_icon_with_title small custom_icon_image \">\n<div class=\"icon_holder \"><img decoding=\"async\" src=\"https:\/\/cofri.com\/wp-content\/uploads\/2020\/12\/COFRI-ico-ceo.svg\" alt=\"\" \/><\/div>\n<div class=\"icon_text_holder\">\n<div class=\"icon_text_inner DadesContacte2\">\n<h5 class=\"icon_title\" style=\"padding-top: 20px; color: #144873; font-family: 'GillSans-Bold'; line-height: 1.2em;\">DIRECCI\u00d3N<\/h5>\n<p><span style=\"font-family: 'GillSans-Regular'; color: #76777a;\">Antonio Latorre<\/span><br \/>\n<a class=\"icon_with_title_link\" style=\"color: #76777a;\" href=\"tel:0034973271177\" target=\"_blank\" rel=\"noopener noreferrer\">973 27 11 77<\/a><br \/>\n<a class=\"icon_with_title_link\" style=\"color: #76777a;\" href=\"mailto:antonio@cofri.com\" target=\"_blank\" rel=\"noopener noreferrer\">antonio@cofri.com<\/a><\/p>\n<p style=\"color: #76777a;\">\n<\/div>\n<\/div>\n<\/div>\n<p>[\/vc_column_text][vc_empty_space height=\u00bb64px\u00bb][vc_column_text]<\/p>\n<div class=\"q_icon_with_title small custom_icon_image \">\n<div class=\"icon_holder \"><img decoding=\"async\" src=\"https:\/\/cofri.com\/wp-content\/uploads\/2020\/12\/COFRI-ico-global-export.svg\" alt=\"\" \/><\/div>\n<div class=\"icon_text_holder\">\n<div class=\"icon_text_inner DadesContacte2\">\n<h5 class=\"icon_title\" style=\"padding-top: 20px; color: #144873; font-family: 'GillSans-Bold'; line-height: 1.2em;\">GLOBAL EXPORT MANAGER<\/h5>\n<p><span style=\"font-family: 'GillSans-Regular'; color: #76777a;\">Toni Latorre<\/span><br \/>\n<a class=\"icon_with_title_link\" style=\"color: #76777a;\" href=\"tel:0034609303637\" target=\"_blank\" rel=\"noopener noreferrer\">973 27 11 77<\/a><br \/>\n<a class=\"icon_with_title_link\" style=\"color: #76777a;\" href=\"mailto:toni@cofri.com\" target=\"_blank\" rel=\"noopener noreferrer\">toni@cofri.com<\/a><\/p>\n<p style=\"color: #76777a;\">\n<\/div>\n<\/div>\n<\/div>\n<p>[\/vc_column_text]<div class='q_icon_with_title small normal_icon '><div class=\"icon_holder \" style=\" \"><a href=\"https:\/\/wa.me\/34609303637\" target=\"_blank\" class=\"q_icon_link\"><span data-icon-type=\"normal\" data-icon-hover-color=\"#144873\" style=\"font-size: 40px\" class=\"qode_iwt_icon_holder q_font_awsome_icon fa-2x  \"><i class=\"qode_icon_font_awesome fa fa-whatsapp qode_iwt_icon_element\" style=\"color: #144873\"><\/i><\/span><\/a><\/div><div class=\"icon_text_holder\" style=\"\"><div class=\"icon_text_inner\" style=\"\"><h5 class=\"icon_title\" style=\"color: #144873;font-weight: 400;\"><\/h5><p style='color: #76777a'><\/p><a itemprop='url' class='icon_with_title_link' href='https:\/\/wa.me\/34609303637' target='_blank' style='color: #76777a;'>609 303 637<\/a><\/div><\/div><\/div>[vc_empty_space height=\u00bb64px\u00bb][\/vc_column][vc_column css_animation=\u00bbfadeInUp\u00bb width=\u00bb1\/3&#8243;][vc_column_text]<\/p>\n<div class=\"q_icon_with_title small custom_icon_image \">\n<div class=\"icon_holder \"><img decoding=\"async\" src=\"https:\/\/cofri.com\/wp-content\/uploads\/2020\/12\/COFRI-ico-export-area.svg\" alt=\"\" \/><\/div>\n<div class=\"icon_text_holder\">\n<div class=\"icon_text_inner DadesContacte2\">\n<h5 class=\"icon_title\" style=\"padding-top: 20px; color: #144873; font-family: 'GillSans-Bold'; line-height: 1.2em;\">EXPORT AREA MANAGER<br \/>\nPA\u00cdSES FRANC\u00d3FONOS \/ \u00c1FRICA<\/h5>\n<p><span style=\"font-family: 'GillSans-Regular'; color: #76777a;\">Meritxell Vall\u00e8s<\/span><br \/>\n<a class=\"icon_with_title_link\" style=\"color: #76777a;\" href=\"tel:0034646034342\" target=\"_blank\" rel=\"noopener noreferrer\">646 034 342<\/a><br \/>\n<a class=\"icon_with_title_link\" style=\"color: #76777a;\" href=\"mailto:meritxell@cofri.com\" target=\"_blank\" rel=\"noopener noreferrer\">meritxell@cofri.com<\/a><\/p>\n<p style=\"color: #76777a;\">\n<\/div>\n<\/div>\n<\/div>\n<p>[\/vc_column_text]<div class='q_icon_with_title small normal_icon '><div class=\"icon_holder \" style=\" \"><a href=\"https:\/\/wa.me\/34646034342\" target=\"_blank\" class=\"q_icon_link\"><span data-icon-type=\"normal\" data-icon-hover-color=\"#144873\" style=\"font-size: 40px\" class=\"qode_iwt_icon_holder q_font_awsome_icon fa-2x  \"><i class=\"qode_icon_font_awesome fa fa-whatsapp qode_iwt_icon_element\" style=\"color: #144873\"><\/i><\/span><\/a><\/div><div class=\"icon_text_holder\" style=\"\"><div class=\"icon_text_inner\" style=\"\"><h5 class=\"icon_title\" style=\"color: #144873;font-weight: 400;\"><\/h5><p style='color: #76777a'><\/p><a itemprop='url' class='icon_with_title_link' href='https:\/\/wa.me\/34646034342' target='_blank' style='color: #76777a;'>+34 646 034 342<\/a><\/div><\/div><\/div>[vc_empty_space height=\u00bb64px\u00bb][vc_column_text]<\/p>\n<div class=\"q_icon_with_title small custom_icon_image \">\n<div class=\"icon_holder \"><img decoding=\"async\" src=\"https:\/\/cofri.com\/wp-content\/uploads\/2020\/12\/COFRI-ico-export-area-2.svg\" alt=\"\" \/><\/div>\n<div class=\"icon_text_holder\">\n<div class=\"icon_text_inner DadesContacte2\">\n<h5 class=\"icon_title\" style=\"padding-top: 20px; color: #144873; font-family: 'GillSans-Bold'; line-height: 1.2em;\">EXPORT AREA MANAGER<br \/>\nEAST COUNTRIES<\/h5>\n<p><span style=\"font-family: 'GillSans-Regular'; color: #76777a;\">Kateryna<\/span><br \/>\n<a class=\"icon_with_title_link\" style=\"color: #76777a;\" href=\"tel:0079119304341\" target=\"_blank\" rel=\"noopener noreferrer\">79 119 304 341<\/a><br \/>\n<a class=\"icon_with_title_link\" style=\"color: #76777a;\" href=\"mailto:ekaterina@cofri.com\" target=\"_blank\" rel=\"noopener noreferrer\">ekaterina@cofri.com<\/a><\/p>\n<p style=\"color: #76777a;\">\n<\/div>\n<\/div>\n<\/div>\n<p>[\/vc_column_text]<div class='q_icon_with_title small normal_icon '><div class=\"icon_holder \" style=\" \"><a href=\"https:\/\/wa.me\/79119304341\" target=\"_blank\" class=\"q_icon_link\"><span data-icon-type=\"normal\" data-icon-hover-color=\"#144873\" style=\"font-size: 40px\" class=\"qode_iwt_icon_holder q_font_awsome_icon fa-2x  \"><i class=\"qode_icon_font_awesome fa fa-whatsapp qode_iwt_icon_element\" style=\"color: #144873\"><\/i><\/span><\/a><\/div><div class=\"icon_text_holder\" style=\"\"><div class=\"icon_text_inner\" style=\"\"><h5 class=\"icon_title\" style=\"color: #144873;font-weight: 400;\"><\/h5><p style='color: #76777a'><\/p><a itemprop='url' class='icon_with_title_link' href='https:\/\/wa.me\/79119304341' target='_blank' style='color: #76777a;'>79 119 304 341<\/a><\/div><\/div><\/div>[vc_empty_space height=\u00bb64px\u00bb][\/vc_column][vc_column css_animation=\u00bbfadeInUp\u00bb width=\u00bb1\/3&#8243;][vc_column_text]<\/p>\n<div class=\"q_icon_with_title small custom_icon_image \">\n<div class=\"icon_holder \"><img decoding=\"async\" src=\"https:\/\/cofri.com\/wp-content\/uploads\/2020\/12\/COFRI-ico-admin.svg\" alt=\"\" \/><\/div>\n<div class=\"icon_text_holder\">\n<div class=\"icon_text_inner DadesContacte2\">\n<h5 class=\"icon_title\" style=\"padding-top: 20px; color: #144873; font-family: 'GillSans-Bold'; line-height: 1.2em;\">ADMINISTRACI\u00d3N<\/h5>\n<p><a class=\"icon_with_title_link\" style=\"color: #76777a;\" href=\"tel:0034973271177\" target=\"_blank\" rel=\"noopener noreferrer\">973 27 11 77<\/a><br \/>\n<a class=\"icon_with_title_link\" style=\"color: #76777a;\" href=\"tel:0034659652670\" target=\"_blank\" rel=\"noopener noreferrer\">659 652 670<\/a><br \/>\n<a class=\"icon_with_title_link\" style=\"color: #76777a;\" href=\"mailto:administracion@cofri.com\" target=\"_blank\" rel=\"noopener noreferrer\">administracion@cofri.com<\/a><\/p>\n<p style=\"color: #76777a;\">\n<\/div>\n<\/div>\n<\/div>\n<p>[\/vc_column_text]<div class='q_icon_with_title small normal_icon '><div class=\"icon_holder \" style=\" \"><a href=\"https:\/\/wa.me\/34659652670\" target=\"_blank\" class=\"q_icon_link\"><span data-icon-type=\"normal\" data-icon-hover-color=\"#144873\" style=\"font-size: 40px\" class=\"qode_iwt_icon_holder q_font_awsome_icon fa-2x  \"><i class=\"qode_icon_font_awesome fa fa-whatsapp qode_iwt_icon_element\" style=\"color: #144873\"><\/i><\/span><\/a><\/div><div class=\"icon_text_holder\" style=\"\"><div class=\"icon_text_inner\" style=\"\"><h5 class=\"icon_title\" style=\"color: #144873;font-weight: 400;\"><\/h5><p style='color: #76777a'><\/p><a itemprop='url' class='icon_with_title_link' href='https:\/\/wa.me\/34659652670' target='_blank' style='color: #76777a;'>+34 659 652 670<\/a><\/div><\/div><\/div>[\/vc_column][\/vc_row]<\/p>\n<\/div>","protected":false},"excerpt":{"rendered":"<p>[vc_row css_animation=\u00bb\u00bb row_type=\u00bbrow\u00bb use_row_as_full_screen_section=\u00bbno\u00bb type=\u00bbfull_width\u00bb angled_section=\u00bbno\u00bb text_align=\u00bbleft\u00bb background_image_as_pattern=\u00bbwithout_pattern\u00bb css=\u00bb.vc_custom_1606986980788{margin-bottom: 100px !important;}\u00bb z_index=\u00bb\u00bb][vc_column width=\u00bb2\/3&#8243;][\/vc_column][vc_column width=\u00bb1\/3&#8243; el_class=\u00bbDadesContacte\u00bb][vc_empty_space height=\u00bb16px\u00bb][vc_column_text] Latitud: 41\u00ba 37\u2019 5.46\u201d N Longitud: 0\u00ba 36\u2019 45.39\u201d E [\/vc_column_text][vc_empty_space height=\u00bb16px\u00bb][vc_column_text] HUSO UTM: 31 Coordenada X: 301097.45 m Coordenada Y: 4610138.08 m [\/vc_column_text][\/vc_column][\/vc_row][vc_row css_animation=\u00bbelement_from_bottom\u00bb row_type=\u00bbrow\u00bb use_row_as_full_screen_section=\u00bbno\u00bb type=\u00bbgrid\u00bb angled_section=\u00bbno\u00bb&#8230;<\/p>\n","protected":false},"author":1,"featured_media":0,"parent":0,"menu_order":0,"comment_status":"closed","ping_status":"closed","template":"","meta":{"footnotes":""},"class_list":["post-69","page","type-page","status-publish","hentry"],"yoast_head":"<!-- This site is optimized with the Yoast SEO plugin v26.4 - https:\/\/yoast.com\/wordpress\/plugins\/seo\/ -->\n<title>Contacto | Cofri<\/title>\n<meta name=\"description\" content=\"Estaremos encantados de atenderte\u2026\" \/>\n<meta name=\"robots\" content=\"index, follow, max-snippet:-1, max-image-preview:large, max-video-preview:-1\" \/>\n<link rel=\"canonical\" href=\"https:\/\/cofri.com\/es\/contacto\/\" \/>\n<meta property=\"og:locale\" content=\"es_ES\" \/>\n<meta property=\"og:type\" content=\"article\" \/>\n<meta property=\"og:title\" content=\"Contacto | Cofri\" \/>\n<meta property=\"og:description\" content=\"Estaremos encantados de atenderte\u2026\" \/>\n<meta property=\"og:url\" content=\"https:\/\/cofri.com\/es\/contacto\/\" \/>\n<meta property=\"og:site_name\" content=\"Cofri\" \/>\n<meta property=\"article:modified_time\" content=\"2021-02-09T10:08:57+00:00\" \/>\n<meta property=\"og:image\" content=\"https:\/\/cofri.com\/wp-content\/uploads\/2020\/12\/COFRI-ico-ceo.svg\" \/>\n<meta name=\"twitter:card\" content=\"summary_large_image\" \/>\n<meta name=\"twitter:label1\" content=\"Tiempo de lectura\" \/>\n\t<meta name=\"twitter:data1\" content=\"3 minutos\" \/>\n<script type=\"application\/ld+json\" class=\"yoast-schema-graph\">{\"@context\":\"https:\/\/schema.org\",\"@graph\":[{\"@type\":\"WebPage\",\"@id\":\"https:\/\/cofri.com\/es\/contacto\/\",\"url\":\"https:\/\/cofri.com\/es\/contacto\/\",\"name\":\"Contacto | Cofri\",\"isPartOf\":{\"@id\":\"https:\/\/cofri.com\/es\/#website\"},\"primaryImageOfPage\":{\"@id\":\"https:\/\/cofri.com\/es\/contacto\/#primaryimage\"},\"image\":{\"@id\":\"https:\/\/cofri.com\/es\/contacto\/#primaryimage\"},\"thumbnailUrl\":\"https:\/\/cofri.com\/wp-content\/uploads\/2020\/12\/COFRI-ico-ceo.svg\",\"datePublished\":\"2020-11-13T18:13:02+00:00\",\"dateModified\":\"2021-02-09T10:08:57+00:00\",\"description\":\"Estaremos encantados de atenderte\u2026\",\"breadcrumb\":{\"@id\":\"https:\/\/cofri.com\/es\/contacto\/#breadcrumb\"},\"inLanguage\":\"es\",\"potentialAction\":[{\"@type\":\"ReadAction\",\"target\":[\"https:\/\/cofri.com\/es\/contacto\/\"]}]},{\"@type\":\"ImageObject\",\"inLanguage\":\"es\",\"@id\":\"https:\/\/cofri.com\/es\/contacto\/#primaryimage\",\"url\":\"https:\/\/cofri.com\/wp-content\/uploads\/2020\/12\/COFRI-ico-ceo.svg\",\"contentUrl\":\"https:\/\/cofri.com\/wp-content\/uploads\/2020\/12\/COFRI-ico-ceo.svg\"},{\"@type\":\"BreadcrumbList\",\"@id\":\"https:\/\/cofri.com\/es\/contacto\/#breadcrumb\",\"itemListElement\":[{\"@type\":\"ListItem\",\"position\":1,\"name\":\"Portada\",\"item\":\"https:\/\/cofri.com\/es\/\"},{\"@type\":\"ListItem\",\"position\":2,\"name\":\"Contacto\"}]},{\"@type\":\"WebSite\",\"@id\":\"https:\/\/cofri.com\/es\/#website\",\"url\":\"https:\/\/cofri.com\/es\/\",\"name\":\"Cofri\",\"description\":\"\",\"publisher\":{\"@id\":\"https:\/\/cofri.com\/es\/#organization\"},\"potentialAction\":[{\"@type\":\"SearchAction\",\"target\":{\"@type\":\"EntryPoint\",\"urlTemplate\":\"https:\/\/cofri.com\/es\/?s={search_term_string}\"},\"query-input\":{\"@type\":\"PropertyValueSpecification\",\"valueRequired\":true,\"valueName\":\"search_term_string\"}}],\"inLanguage\":\"es\"},{\"@type\":\"Organization\",\"@id\":\"https:\/\/cofri.com\/es\/#organization\",\"name\":\"Cofri\",\"url\":\"https:\/\/cofri.com\/es\/\",\"logo\":{\"@type\":\"ImageObject\",\"inLanguage\":\"es\",\"@id\":\"https:\/\/cofri.com\/es\/#\/schema\/logo\/image\/\",\"url\":\"https:\/\/cofri.com\/wp-content\/uploads\/2020\/12\/COFRI-logo-300.svg\",\"contentUrl\":\"https:\/\/cofri.com\/wp-content\/uploads\/2020\/12\/COFRI-logo-300.svg\",\"width\":300,\"height\":180,\"caption\":\"Cofri\"},\"image\":{\"@id\":\"https:\/\/cofri.com\/es\/#\/schema\/logo\/image\/\"}}]}<\/script>\n<!-- \/ Yoast SEO plugin. -->","yoast_head_json":{"title":"Contacto | Cofri","description":"Estaremos encantados de atenderte\u2026","robots":{"index":"index","follow":"follow","max-snippet":"max-snippet:-1","max-image-preview":"max-image-preview:large","max-video-preview":"max-video-preview:-1"},"canonical":"https:\/\/cofri.com\/es\/contacto\/","og_locale":"es_ES","og_type":"article","og_title":"Contacto | Cofri","og_description":"Estaremos encantados de atenderte\u2026","og_url":"https:\/\/cofri.com\/es\/contacto\/","og_site_name":"Cofri","article_modified_time":"2021-02-09T10:08:57+00:00","og_image":[{"url":"https:\/\/cofri.com\/wp-content\/uploads\/2020\/12\/COFRI-ico-ceo.svg","type":"","width":"","height":""}],"twitter_card":"summary_large_image","twitter_misc":{"Tiempo de lectura":"3 minutos"},"schema":{"@context":"https:\/\/schema.org","@graph":[{"@type":"WebPage","@id":"https:\/\/cofri.com\/es\/contacto\/","url":"https:\/\/cofri.com\/es\/contacto\/","name":"Contacto | Cofri","isPartOf":{"@id":"https:\/\/cofri.com\/es\/#website"},"primaryImageOfPage":{"@id":"https:\/\/cofri.com\/es\/contacto\/#primaryimage"},"image":{"@id":"https:\/\/cofri.com\/es\/contacto\/#primaryimage"},"thumbnailUrl":"https:\/\/cofri.com\/wp-content\/uploads\/2020\/12\/COFRI-ico-ceo.svg","datePublished":"2020-11-13T18:13:02+00:00","dateModified":"2021-02-09T10:08:57+00:00","description":"Estaremos encantados de atenderte\u2026","breadcrumb":{"@id":"https:\/\/cofri.com\/es\/contacto\/#breadcrumb"},"inLanguage":"es","potentialAction":[{"@type":"ReadAction","target":["https:\/\/cofri.com\/es\/contacto\/"]}]},{"@type":"ImageObject","inLanguage":"es","@id":"https:\/\/cofri.com\/es\/contacto\/#primaryimage","url":"https:\/\/cofri.com\/wp-content\/uploads\/2020\/12\/COFRI-ico-ceo.svg","contentUrl":"https:\/\/cofri.com\/wp-content\/uploads\/2020\/12\/COFRI-ico-ceo.svg"},{"@type":"BreadcrumbList","@id":"https:\/\/cofri.com\/es\/contacto\/#breadcrumb","itemListElement":[{"@type":"ListItem","position":1,"name":"Portada","item":"https:\/\/cofri.com\/es\/"},{"@type":"ListItem","position":2,"name":"Contacto"}]},{"@type":"WebSite","@id":"https:\/\/cofri.com\/es\/#website","url":"https:\/\/cofri.com\/es\/","name":"Cofri","description":"","publisher":{"@id":"https:\/\/cofri.com\/es\/#organization"},"potentialAction":[{"@type":"SearchAction","target":{"@type":"EntryPoint","urlTemplate":"https:\/\/cofri.com\/es\/?s={search_term_string}"},"query-input":{"@type":"PropertyValueSpecification","valueRequired":true,"valueName":"search_term_string"}}],"inLanguage":"es"},{"@type":"Organization","@id":"https:\/\/cofri.com\/es\/#organization","name":"Cofri","url":"https:\/\/cofri.com\/es\/","logo":{"@type":"ImageObject","inLanguage":"es","@id":"https:\/\/cofri.com\/es\/#\/schema\/logo\/image\/","url":"https:\/\/cofri.com\/wp-content\/uploads\/2020\/12\/COFRI-logo-300.svg","contentUrl":"https:\/\/cofri.com\/wp-content\/uploads\/2020\/12\/COFRI-logo-300.svg","width":300,"height":180,"caption":"Cofri"},"image":{"@id":"https:\/\/cofri.com\/es\/#\/schema\/logo\/image\/"}}]}},"_links":{"self":[{"href":"https:\/\/cofri.com\/es\/wp-json\/wp\/v2\/pages\/69","targetHints":{"allow":["GET"]}}],"collection":[{"href":"https:\/\/cofri.com\/es\/wp-json\/wp\/v2\/pages"}],"about":[{"href":"https:\/\/cofri.com\/es\/wp-json\/wp\/v2\/types\/page"}],"author":[{"embeddable":true,"href":"https:\/\/cofri.com\/es\/wp-json\/wp\/v2\/users\/1"}],"replies":[{"embeddable":true,"href":"https:\/\/cofri.com\/es\/wp-json\/wp\/v2\/comments?post=69"}],"version-history":[{"count":0,"href":"https:\/\/cofri.com\/es\/wp-json\/wp\/v2\/pages\/69\/revisions"}],"wp:attachment":[{"href":"https:\/\/cofri.com\/es\/wp-json\/wp\/v2\/media?parent=69"}],"curies":[{"name":"wp","href":"https:\/\/api.w.org\/{rel}","templated":true}]}}